{"id":4,"date":"2016-10-24T22:26:57","date_gmt":"2016-10-24T22:26:57","guid":{"rendered":"http:\/\/jedikids.ro\/wp\/?page_id=4"},"modified":"2020-08-25T15:15:08","modified_gmt":"2020-08-25T15:15:08","slug":"home","status":"publish","type":"page","link":"https:\/\/jedikids.ro\/site\/","title":{"rendered":"Home"},"content":{"rendered":"<div id=\"home-container\">\n<h2><a href=\".\/ro\/tag\/popular\/\">Popular<\/a><\/h2>\n<p>Cele mai citite post\u0103ri:<br \/>\n<span id=\"home-popular\"><ul class = \"posts-by-tag-list\"><li class=\"posts-by-tag-item EduTurism Homeschool Jurnal Popular\" id=\"posts-by-tag-item-6736\"><a class = \"posts-by-tag-item-title\" href=\"https:\/\/jedikids.ro\/site\/ro\/our-top-10-london-attraction\/\">Our top 10 London attractions<\/a><\/li><li class=\"posts-by-tag-item Homeschool Popular\" id=\"posts-by-tag-item-6542\"><a class = \"posts-by-tag-item-title\" href=\"https:\/\/jedikids.ro\/site\/ro\/pictura\/\">De ce ai nevoie ca sa incepi sa pictezi<\/a><\/li><li class=\"posts-by-tag-item Activit\u0103\u021bi Homeschool Jurnal Popular\" id=\"posts-by-tag-item-5478\"><a class = \"posts-by-tag-item-title\" href=\"https:\/\/jedikids.ro\/site\/ro\/spiridusul-si-calendarul-advent-2017\/\">Spiridusul A si calendarul advent 2017<\/a><\/li><li class=\"posts-by-tag-item Popular Retete\" id=\"posts-by-tag-item-2627\"><a class = \"posts-by-tag-item-title\" href=\"https:\/\/jedikids.ro\/site\/ro\/lava-cake-homemade\/\">Lava cake - homemade<\/a><\/li><li class=\"posts-by-tag-item Jurnal Parenting Popular\" id=\"posts-by-tag-item-1871\"><a class = \"posts-by-tag-item-title\" href=\"https:\/\/jedikids.ro\/site\/ro\/ce-vrem-sa-i-invatam-pe-copii\/\">Ce vrem sa-i invatam pe copii?<\/a><\/li><li class=\"posts-by-tag-item Activit\u0103\u021bi Karate Popular\" id=\"posts-by-tag-item-1409\"><a class = \"posts-by-tag-item-title\" href=\"https:\/\/jedikids.ro\/site\/ro\/karate-pentru-copii-4\/\">Karate pentru copii (4) - oss<\/a><\/li><li class=\"posts-by-tag-item EduTurism Jurnal Popular\" id=\"posts-by-tag-item-1181\"><a class = \"posts-by-tag-item-title\" href=\"https:\/\/jedikids.ro\/site\/ro\/viena-cu-copii-obiective-turistice\/\">Viena cu copiii (11 obiective turistice)<\/a><\/li><li class=\"posts-by-tag-item Homeschool Parenting Popular \u0218coala\" id=\"posts-by-tag-item-471\"><a class = \"posts-by-tag-item-title\" href=\"https:\/\/jedikids.ro\/site\/ro\/istoria-matematicii-1-sumerbabilon\/\">Istoria matematicii (1) - Sumer\/Babilon<\/a><\/li><\/ul><\/span><\/p>\n<h2><a href=\".\/ro\/category\/articole\/\">Articole<\/a><\/h2>\n<p>Cele mai recente articole:<br \/>\n<ul class=\"display-posts-listing\"><li class=\"listing-item\"><a class=\"title\" href=\"https:\/\/jedikids.ro\/site\/ro\/one-day-one-frame-simple-joy-april\/\">One day, One frame, Simple joy \u2013 April<\/a><\/li><li class=\"listing-item\"><a class=\"title\" href=\"https:\/\/jedikids.ro\/site\/ro\/one-day-one-frame-simple-joy-march\/\">One day, One frame, Simple joy \u2013 March<\/a><\/li><li class=\"listing-item\"><a class=\"title\" href=\"https:\/\/jedikids.ro\/site\/ro\/one-day-one-frame-simple-joy-february\/\">One day, One frame, Simple joy &#8211; February<\/a><\/li><li class=\"listing-item\"><a class=\"title\" href=\"https:\/\/jedikids.ro\/site\/ro\/january-2026-unfiltered\/\">One day, One frame, Simple joy &#8211; January<\/a><\/li><li class=\"listing-item\"><a class=\"title\" href=\"https:\/\/jedikids.ro\/site\/ro\/finland-with-kids-our-top-10-attractions\/\">Finland with kids. Our top 10 attractions<\/a><\/li><\/ul><\/p>\n<h2><a href=\".\/ro\/category\/copii\/\">Blog copii<\/a><\/h2>\n<p>Cele mai recente post\u0103ri de pe blog:<br \/>\n<ul class=\"display-posts-listing\"><li class=\"listing-item\"><a class=\"title\" href=\"https:\/\/jedikids.ro\/site\/ro\/one-day-one-frame-simple-joy-april\/\">One day, One frame, Simple joy \u2013 April<\/a><\/li><li class=\"listing-item\"><a class=\"title\" href=\"https:\/\/jedikids.ro\/site\/ro\/one-day-one-frame-simple-joy-march\/\">One day, One frame, Simple joy \u2013 March<\/a><\/li><li class=\"listing-item\"><a class=\"title\" href=\"https:\/\/jedikids.ro\/site\/ro\/one-day-one-frame-simple-joy-february\/\">One day, One frame, Simple joy &#8211; February<\/a><\/li><li class=\"listing-item\"><a class=\"title\" href=\"https:\/\/jedikids.ro\/site\/ro\/january-2026-unfiltered\/\">One day, One frame, Simple joy &#8211; January<\/a><\/li><li class=\"listing-item\"><a class=\"title\" href=\"https:\/\/jedikids.ro\/site\/ro\/replici-memorabile-2023\/\">Replici memorabile 2023<\/a><\/li><\/ul><\/p>\n<h2><a href=\".\/ro\/category\/citate\/\">Citate<\/a><\/h2>\n<p>Citate despre copil\u0103rie \u0219i despre a fi p\u0103rinte (parenting). Cele mai recente:<br \/>\n<ul class=\"display-posts-listing\"><li class=\"listing-item\"><a class=\"title\" href=\"https:\/\/jedikids.ro\/site\/ro\/havel-mesajul-etern-actual\/\">Havel &#8211; Mesajul etern actual<\/a><\/li><li class=\"listing-item\"><a class=\"title\" href=\"https:\/\/jedikids.ro\/site\/ro\/dune\/\">Dune (Frank Herbert)<\/a><\/li><li class=\"listing-item\"><a class=\"title\" href=\"https:\/\/jedikids.ro\/site\/ro\/socrate\/\">Socrate &#8230;<\/a><\/li><li class=\"listing-item\"><a class=\"title\" href=\"https:\/\/jedikids.ro\/site\/ro\/trei-metode-confucius\/\">Trei metode (Confucius)<\/a><\/li><li class=\"listing-item\"><a class=\"title\" href=\"https:\/\/jedikids.ro\/site\/ro\/trei-fete\/\">Trei fe\u021be (Blaga)<\/a><\/li><\/ul><\/p>\n<\/div>\n","protected":false},"excerpt":{"rendered":"<p>Popular Cele mai citite post\u0103ri: Articole Cele mai recente articole: Blog copii Cele mai recente post\u0103ri de pe blog: Citate Citate despre copil\u0103rie \u0219i despre a fi p\u0103rinte (parenting). Cele [&hellip;]<\/p>\n","protected":false},"author":1,"featured_media":0,"parent":0,"menu_order":0,"comment_status":"closed","ping_status":"closed","template":"","meta":{"footnotes":""},"class_list":["post-4","page","type-page","status-publish","hentry"],"yoast_head":"<!-- This site is optimized with the Yoast SEO plugin v18.4.1 - https:\/\/yoast.com\/wordpress\/plugins\/seo\/ -->\n<title>Home - Jedi Kids<\/title>\n<meta name=\"robots\" content=\"index, follow, max-snippet:-1, max-image-preview:large, max-video-preview:-1\" \/>\n<link rel=\"canonical\" href=\"http:\/\/jedikids.ro\/site\/\" \/>\n<meta property=\"og:locale\" content=\"en_US\" \/>\n<meta property=\"og:type\" content=\"article\" \/>\n<meta property=\"og:title\" content=\"Home - Jedi Kids\" \/>\n<meta property=\"og:description\" content=\"Popular Cele mai citite post\u0103ri: Articole Cele mai recente articole: Blog copii Cele mai recente post\u0103ri de pe blog: Citate Citate despre copil\u0103rie \u0219i despre a fi p\u0103rinte (parenting). Cele [&hellip;]\" \/>\n<meta property=\"og:url\" content=\"http:\/\/jedikids.ro\/site\/\" \/>\n<meta property=\"og:site_name\" content=\"Jedi Kids\" \/>\n<meta property=\"article:modified_time\" content=\"2020-08-25T15:15:08+00:00\" \/>\n<meta name=\"twitter:card\" content=\"summary\" \/>\n<script type=\"application\/ld+json\" class=\"yoast-schema-graph\">{\"@context\":\"https:\/\/schema.org\",\"@graph\":[{\"@type\":\"WebSite\",\"@id\":\"http:\/\/jedikids.ro\/site\/#website\",\"url\":\"http:\/\/jedikids.ro\/site\/\",\"name\":\"Jedi Kids\",\"description\":\"\u00een\u021belepciunea copiilor\",\"potentialAction\":[{\"@type\":\"SearchAction\",\"target\":{\"@type\":\"EntryPoint\",\"urlTemplate\":\"http:\/\/jedikids.ro\/site\/?s={search_term_string}\"},\"query-input\":\"required name=search_term_string\"}],\"inLanguage\":\"en-US\"},{\"@type\":\"WebPage\",\"@id\":\"http:\/\/jedikids.ro\/site\/#webpage\",\"url\":\"http:\/\/jedikids.ro\/site\/\",\"name\":\"Home - Jedi Kids\",\"isPartOf\":{\"@id\":\"http:\/\/jedikids.ro\/site\/#website\"},\"datePublished\":\"2016-10-24T22:26:57+00:00\",\"dateModified\":\"2020-08-25T15:15:08+00:00\",\"breadcrumb\":{\"@id\":\"http:\/\/jedikids.ro\/site\/#breadcrumb\"},\"inLanguage\":\"en-US\",\"potentialAction\":[{\"@type\":\"ReadAction\",\"target\":[\"http:\/\/jedikids.ro\/site\/\"]}]},{\"@type\":\"BreadcrumbList\",\"@id\":\"http:\/\/jedikids.ro\/site\/#breadcrumb\",\"itemListElement\":[{\"@type\":\"ListItem\",\"position\":1,\"name\":\"Home\",\"item\":\"http:\/\/jedikids.ro\/site\/\"},{\"@type\":\"ListItem\",\"position\":2,\"name\":\"Home\"}]}]}<\/script>\n<!-- \/ Yoast SEO plugin. -->","yoast_head_json":{"title":"Home - Jedi Kids","robots":{"index":"index","follow":"follow","max-snippet":"max-snippet:-1","max-image-preview":"max-image-preview:large","max-video-preview":"max-video-preview:-1"},"canonical":"http:\/\/jedikids.ro\/site\/","og_locale":"en_US","og_type":"article","og_title":"Home - Jedi Kids","og_description":"Popular Cele mai citite post\u0103ri: Articole Cele mai recente articole: Blog copii Cele mai recente post\u0103ri de pe blog: Citate Citate despre copil\u0103rie \u0219i despre a fi p\u0103rinte (parenting). Cele [&hellip;]","og_url":"http:\/\/jedikids.ro\/site\/","og_site_name":"Jedi Kids","article_modified_time":"2020-08-25T15:15:08+00:00","twitter_card":"summary","schema":{"@context":"https:\/\/schema.org","@graph":[{"@type":"WebSite","@id":"http:\/\/jedikids.ro\/site\/#website","url":"http:\/\/jedikids.ro\/site\/","name":"Jedi Kids","description":"\u00een\u021belepciunea copiilor","potentialAction":[{"@type":"SearchAction","target":{"@type":"EntryPoint","urlTemplate":"http:\/\/jedikids.ro\/site\/?s={search_term_string}"},"query-input":"required name=search_term_string"}],"inLanguage":"en-US"},{"@type":"WebPage","@id":"http:\/\/jedikids.ro\/site\/#webpage","url":"http:\/\/jedikids.ro\/site\/","name":"Home - Jedi Kids","isPartOf":{"@id":"http:\/\/jedikids.ro\/site\/#website"},"datePublished":"2016-10-24T22:26:57+00:00","dateModified":"2020-08-25T15:15:08+00:00","breadcrumb":{"@id":"http:\/\/jedikids.ro\/site\/#breadcrumb"},"inLanguage":"en-US","potentialAction":[{"@type":"ReadAction","target":["http:\/\/jedikids.ro\/site\/"]}]},{"@type":"BreadcrumbList","@id":"http:\/\/jedikids.ro\/site\/#breadcrumb","itemListElement":[{"@type":"ListItem","position":1,"name":"Home","item":"http:\/\/jedikids.ro\/site\/"},{"@type":"ListItem","position":2,"name":"Home"}]}]}},"_links":{"self":[{"href":"https:\/\/jedikids.ro\/site\/wp-json\/wp\/v2\/pages\/4"}],"collection":[{"href":"https:\/\/jedikids.ro\/site\/wp-json\/wp\/v2\/pages"}],"about":[{"href":"https:\/\/jedikids.ro\/site\/wp-json\/wp\/v2\/types\/page"}],"author":[{"embeddable":true,"href":"https:\/\/jedikids.ro\/site\/wp-json\/wp\/v2\/users\/1"}],"replies":[{"embeddable":true,"href":"https:\/\/jedikids.ro\/site\/wp-json\/wp\/v2\/comments?post=4"}],"version-history":[{"count":2,"href":"https:\/\/jedikids.ro\/site\/wp-json\/wp\/v2\/pages\/4\/revisions"}],"predecessor-version":[{"id":6277,"href":"https:\/\/jedikids.ro\/site\/wp-json\/wp\/v2\/pages\/4\/revisions\/6277"}],"wp:attachment":[{"href":"https:\/\/jedikids.ro\/site\/wp-json\/wp\/v2\/media?parent=4"}],"curies":[{"name":"wp","href":"https:\/\/api.w.org\/{rel}","templated":true}]}}