{"id":18,"date":"2016-10-27T22:59:34","date_gmt":"2016-10-27T22:59:34","guid":{"rendered":"http:\/\/jedikids.ro\/wp\/en\/?page_id=18"},"modified":"2017-06-01T21:58:13","modified_gmt":"2017-06-01T21:58:13","slug":"home","status":"publish","type":"page","link":"https:\/\/jedikids.ro\/site\/en\/","title":{"rendered":"Home"},"content":{"rendered":"<div id=\"home-container\">\n<div class=\"home-cat\">\n<h2><a href=\"http:\/\/jedikids.ro\/site\/en\/tag\/popular\/\">Popular<\/a><\/h2>\n<\/p><\/div>\n<p>  Most read posts on this site:<br \/>\n  <span id=\"home-popular\"><ul class = \"posts-by-tag-list\"><li class=\"posts-by-tag-item Movies Parenting Popular\" id=\"posts-by-tag-item-5376\"><a class = \"posts-by-tag-item-title\" href=\"https:\/\/jedikids.ro\/site\/en\/last-jedi-misandry\/\">The Last Jedi (part 2) - The Misandry<\/a><\/li><li class=\"posts-by-tag-item Popular\" id=\"posts-by-tag-item-3489\"><a class = \"posts-by-tag-item-title\" href=\"https:\/\/jedikids.ro\/site\/en\/introverts-extroverts\/\">Introverts and extroverts at work<\/a><\/li><li class=\"posts-by-tag-item Bibliography Popular\" id=\"posts-by-tag-item-3406\"><a class = \"posts-by-tag-item-title\" href=\"https:\/\/jedikids.ro\/site\/en\/inspirational\/\">Inspiring speeches - my top 10<\/a><\/li><li class=\"posts-by-tag-item Popular\" id=\"posts-by-tag-item-3304\"><a class = \"posts-by-tag-item-title\" href=\"https:\/\/jedikids.ro\/site\/en\/introvert_child\/\">The Introvert Child in a Crazy World - 7 suggestions<\/a><\/li><li class=\"posts-by-tag-item EduTourism Popular\" id=\"posts-by-tag-item-3533\"><a class = \"posts-by-tag-item-title\" href=\"https:\/\/jedikids.ro\/site\/en\/discover-vienna-kids\/\">Discover Vienna with Kids<\/a><\/li><\/ul><\/span><\/p>\n<p>  &nbsp;<\/p>\n<div class=\"home-cat\">\n<h2><a href=\"http:\/\/jedikids.ro\/site\/en\/category\/articles\/\">Articles<\/a><\/h2>\n<\/p><\/div>\n<p>  Most recent articles:<br \/>\n  <ul class=\"display-posts-listing\"><li class=\"listing-item\"><a class=\"title\" href=\"https:\/\/jedikids.ro\/site\/en\/star-wars-terminator\/\">Star Wars Terminator in The Matrix<\/a><\/li><li class=\"listing-item\"><a class=\"title\" href=\"https:\/\/jedikids.ro\/site\/en\/the-last-jedi-usefulness\/\">The Last Jedi (part 3) &#8211; Usefulness<\/a><\/li><li class=\"listing-item\"><a class=\"title\" href=\"https:\/\/jedikids.ro\/site\/en\/last-jedi-misandry\/\">The Last Jedi (part 2) &#8211; The Misandry<\/a><\/li><\/ul><\/p>\n<p>  &nbsp;<\/p>\n<div class=\"home-cat\">\n<h2><a href=\"http:\/\/jedikids.ro\/site\/en\/category\/children\/\">Children Blog<\/a><\/h2>\n<\/p><\/div>\n<p>Most recent entries in the blog:<br \/>\n  <ul class=\"display-posts-listing\"><li class=\"listing-item\"><a class=\"title\" href=\"https:\/\/jedikids.ro\/site\/en\/what-you-need-to-start-painting\/\">What You Need to Start Painting<\/a><\/li><li class=\"listing-item\"><a class=\"title\" href=\"https:\/\/jedikids.ro\/site\/en\/strenghts\/\">&#8220;Look inside&#8221; game with kids<\/a><\/li><li class=\"listing-item\"><a class=\"title\" href=\"https:\/\/jedikids.ro\/site\/en\/decide\/\">Empowering Children: <strong>The Power of Small Decisions in Childhood<\/strong><\/a><\/li><\/ul><\/p>\n<p>  &nbsp;<\/p>\n<div class=\"home-cat\">\n<h2><a href=\"http:\/\/jedikids.ro\/site\/en\/category\/quotes\/\">Quotes<\/a><\/h2>\n<\/p><\/div>\n<p>  Quotes about childhood and parenting. Most recent are:<br \/>\n  <ul class=\"display-posts-listing\"><li class=\"listing-item\"><a class=\"title\" href=\"https:\/\/jedikids.ro\/site\/en\/star-wars-terminator\/\">Star Wars Terminator in The Matrix<\/a><\/li><li class=\"listing-item\"><a class=\"title\" href=\"https:\/\/jedikids.ro\/site\/en\/cicero\/\">Wisdom of Cicero<\/a><\/li><li class=\"listing-item\"><a class=\"title\" href=\"https:\/\/jedikids.ro\/site\/en\/classical-music\/\">Classical Music<\/a><\/li><\/ul><\/p>\n<p>  <!--\n  &nbsp;\n  \n\n<div class=\"home-cat\">\n       \n\n<h2><a href=\"http:\/\/jedikids.ro\/site\/\" style=\"color: #777777;\">Rom\u00e2n\u0103<\/a><\/h2>\n\n\n  <\/div>\n\n\n  <br \/>versiunea site-ului \u00een limba Rom\u00e2n\u0103.\n  --><\/p>\n<p>  &nbsp;<\/p>\n<\/div>\n","protected":false},"excerpt":{"rendered":"<p>Popular Most read posts on this site: &nbsp; Articles Most recent articles: &nbsp; Children Blog Most recent entries in the blog: &nbsp; Quotes Quotes about childhood and parenting. Most recent [&hellip;]<\/p>\n","protected":false},"author":1,"featured_media":0,"parent":0,"menu_order":0,"comment_status":"closed","ping_status":"closed","template":"","meta":{"footnotes":""},"class_list":["post-18","page","type-page","status-publish","hentry"],"yoast_head":"<!-- This site is optimized with the Yoast SEO plugin v18.4.1 - https:\/\/yoast.com\/wordpress\/plugins\/seo\/ -->\n<title>Home - Jedi Kids (en)<\/title>\n<meta name=\"robots\" content=\"index, follow, max-snippet:-1, max-image-preview:large, max-video-preview:-1\" \/>\n<link rel=\"canonical\" href=\"https:\/\/jedikids.ro\/site\/en\/\" \/>\n<meta property=\"og:locale\" content=\"en_US\" \/>\n<meta property=\"og:type\" content=\"article\" \/>\n<meta property=\"og:title\" content=\"Home - Jedi Kids (en)\" \/>\n<meta property=\"og:description\" content=\"Popular Most read posts on this site: &nbsp; Articles Most recent articles: &nbsp; Children Blog Most recent entries in the blog: &nbsp; Quotes Quotes about childhood and parenting. Most recent [&hellip;]\" \/>\n<meta property=\"og:url\" content=\"https:\/\/jedikids.ro\/site\/en\/\" \/>\n<meta property=\"og:site_name\" content=\"Jedi Kids (en)\" \/>\n<meta property=\"article:modified_time\" content=\"2017-06-01T21:58:13+00:00\" \/>\n<meta name=\"twitter:card\" content=\"summary\" \/>\n<script type=\"application\/ld+json\" class=\"yoast-schema-graph\">{\"@context\":\"https:\/\/schema.org\",\"@graph\":[{\"@type\":\"WebSite\",\"@id\":\"https:\/\/jedikids.ro\/site\/en\/#website\",\"url\":\"https:\/\/jedikids.ro\/site\/en\/\",\"name\":\"Jedi Kids (en)\",\"description\":\"- the wisdom of children -\",\"potentialAction\":[{\"@type\":\"SearchAction\",\"target\":{\"@type\":\"EntryPoint\",\"urlTemplate\":\"https:\/\/jedikids.ro\/site\/en\/?s={search_term_string}\"},\"query-input\":\"required name=search_term_string\"}],\"inLanguage\":\"en-US\"},{\"@type\":\"WebPage\",\"@id\":\"https:\/\/jedikids.ro\/site\/en\/#webpage\",\"url\":\"https:\/\/jedikids.ro\/site\/en\/\",\"name\":\"Home - Jedi Kids (en)\",\"isPartOf\":{\"@id\":\"https:\/\/jedikids.ro\/site\/en\/#website\"},\"datePublished\":\"2016-10-27T22:59:34+00:00\",\"dateModified\":\"2017-06-01T21:58:13+00:00\",\"breadcrumb\":{\"@id\":\"https:\/\/jedikids.ro\/site\/en\/#breadcrumb\"},\"inLanguage\":\"en-US\",\"potentialAction\":[{\"@type\":\"ReadAction\",\"target\":[\"https:\/\/jedikids.ro\/site\/en\/\"]}]},{\"@type\":\"BreadcrumbList\",\"@id\":\"https:\/\/jedikids.ro\/site\/en\/#breadcrumb\",\"itemListElement\":[{\"@type\":\"ListItem\",\"position\":1,\"name\":\"Home\",\"item\":\"https:\/\/jedikids.ro\/site\/en\/\"},{\"@type\":\"ListItem\",\"position\":2,\"name\":\"Home\"}]}]}<\/script>\n<!-- \/ Yoast SEO plugin. -->","yoast_head_json":{"title":"Home - Jedi Kids (en)","robots":{"index":"index","follow":"follow","max-snippet":"max-snippet:-1","max-image-preview":"max-image-preview:large","max-video-preview":"max-video-preview:-1"},"canonical":"https:\/\/jedikids.ro\/site\/en\/","og_locale":"en_US","og_type":"article","og_title":"Home - Jedi Kids (en)","og_description":"Popular Most read posts on this site: &nbsp; Articles Most recent articles: &nbsp; Children Blog Most recent entries in the blog: &nbsp; Quotes Quotes about childhood and parenting. Most recent [&hellip;]","og_url":"https:\/\/jedikids.ro\/site\/en\/","og_site_name":"Jedi Kids (en)","article_modified_time":"2017-06-01T21:58:13+00:00","twitter_card":"summary","schema":{"@context":"https:\/\/schema.org","@graph":[{"@type":"WebSite","@id":"https:\/\/jedikids.ro\/site\/en\/#website","url":"https:\/\/jedikids.ro\/site\/en\/","name":"Jedi Kids (en)","description":"- the wisdom of children -","potentialAction":[{"@type":"SearchAction","target":{"@type":"EntryPoint","urlTemplate":"https:\/\/jedikids.ro\/site\/en\/?s={search_term_string}"},"query-input":"required name=search_term_string"}],"inLanguage":"en-US"},{"@type":"WebPage","@id":"https:\/\/jedikids.ro\/site\/en\/#webpage","url":"https:\/\/jedikids.ro\/site\/en\/","name":"Home - Jedi Kids (en)","isPartOf":{"@id":"https:\/\/jedikids.ro\/site\/en\/#website"},"datePublished":"2016-10-27T22:59:34+00:00","dateModified":"2017-06-01T21:58:13+00:00","breadcrumb":{"@id":"https:\/\/jedikids.ro\/site\/en\/#breadcrumb"},"inLanguage":"en-US","potentialAction":[{"@type":"ReadAction","target":["https:\/\/jedikids.ro\/site\/en\/"]}]},{"@type":"BreadcrumbList","@id":"https:\/\/jedikids.ro\/site\/en\/#breadcrumb","itemListElement":[{"@type":"ListItem","position":1,"name":"Home","item":"https:\/\/jedikids.ro\/site\/en\/"},{"@type":"ListItem","position":2,"name":"Home"}]}]}},"_links":{"self":[{"href":"https:\/\/jedikids.ro\/site\/en\/wp-json\/wp\/v2\/pages\/18"}],"collection":[{"href":"https:\/\/jedikids.ro\/site\/en\/wp-json\/wp\/v2\/pages"}],"about":[{"href":"https:\/\/jedikids.ro\/site\/en\/wp-json\/wp\/v2\/types\/page"}],"author":[{"embeddable":true,"href":"https:\/\/jedikids.ro\/site\/en\/wp-json\/wp\/v2\/users\/1"}],"replies":[{"embeddable":true,"href":"https:\/\/jedikids.ro\/site\/en\/wp-json\/wp\/v2\/comments?post=18"}],"version-history":[{"count":3,"href":"https:\/\/jedikids.ro\/site\/en\/wp-json\/wp\/v2\/pages\/18\/revisions"}],"predecessor-version":[{"id":5330,"href":"https:\/\/jedikids.ro\/site\/en\/wp-json\/wp\/v2\/pages\/18\/revisions\/5330"}],"wp:attachment":[{"href":"https:\/\/jedikids.ro\/site\/en\/wp-json\/wp\/v2\/media?parent=18"}],"curies":[{"name":"wp","href":"https:\/\/api.w.org\/{rel}","templated":true}]}}